{"id":566,"date":"2022-08-11T21:29:23","date_gmt":"2022-08-11T21:29:23","guid":{"rendered":"https:\/\/localizaya.com\/pagina\/?page_id=566"},"modified":"2022-09-02T16:58:50","modified_gmt":"2022-09-02T16:58:50","slug":"automoviles","status":"publish","type":"page","link":"https:\/\/localizaya.com\/pagina\/automoviles\/","title":{"rendered":"AUTOMOVILES"},"content":{"rendered":"\t\t<div data-elementor-type=\"wp-page\" data-elementor-id=\"566\" class=\"elementor elementor-566\">\n\t\t\t\t\t\t<section class=\"elementor-section elementor-top-section elementor-element elementor-element-3333ba13 elementor-section-boxed elementor-section-height-default elementor-section-height-default\" data-id=\"3333ba13\" data-element_type=\"section\">\n\t\t\t\t\t\t<div class=\"elementor-container elementor-column-gap-default\">\n\t\t\t\t\t<div class=\"elementor-column elementor-col-100 elementor-top-column elementor-element elementor-element-7471807b\" data-id=\"7471807b\" data-element_type=\"column\">\n\t\t\t<div class=\"elementor-widget-wrap elementor-element-populated\">\n\t\t\t\t\t\t<div class=\"elementor-element elementor-element-76e3da86 elementor-widget elementor-widget-text-editor\" data-id=\"76e3da86\" data-element_type=\"widget\" data-widget_type=\"text-editor.default\">\n\t\t\t\t<div class=\"elementor-widget-container\">\n\t\t\t\t\t\t\t\t\t\n<div id=\"wp-block-themeisle-blocks-advanced-columns-a3ac6dc5\" class=\"wp-block-themeisle-blocks-advanced-columns has-0-columns has-desktop-undefined-layout has-tablet-equal-layout has-mobile-equal-layout has-vertical-unset\"><div class=\"wp-block-themeisle-blocks-advanced-columns-overlay\"><\/div><div class=\"innerblocks-wrap\"><\/div><\/div>\n\t\t\t\t\t\t\t\t<\/div>\n\t\t\t\t<\/div>\n\t\t\t\t\t<\/div>\n\t\t<\/div>\n\t\t\t\t\t<\/div>\n\t\t<\/section>\n\t\t\t\t<section class=\"elementor-section elementor-top-section elementor-element elementor-element-9a7b13d elementor-section-boxed elementor-section-height-default elementor-section-height-default\" data-id=\"9a7b13d\" data-element_type=\"section\">\n\t\t\t\t\t\t<div class=\"elementor-container elementor-column-gap-default\">\n\t\t\t\t\t<div class=\"elementor-column elementor-col-100 elementor-top-column elementor-element elementor-element-3402cc3\" data-id=\"3402cc3\" data-element_type=\"column\">\n\t\t\t<div class=\"elementor-widget-wrap elementor-element-populated\">\n\t\t\t\t\t\t<div class=\"elementor-element elementor-element-df13721 elementor-widget elementor-widget-text-editor\" data-id=\"df13721\" data-element_type=\"widget\" data-widget_type=\"text-editor.default\">\n\t\t\t\t<div class=\"elementor-widget-container\">\n\t\t\t\t\t\t\t\t\t<p><span style=\"color: #00adee;\"><strong>Ahora puedes tener control de tu veh\u00edculo, en la palma de tu mano, con un solo Clic desde tu celular<\/strong><\/span><\/p>\n<p>El dispositivo\u00a0<em>Localizaya<\/em>\u00a0para veh\u00edculos es un dispositivo de ubicaci\u00f3n satelital GPS que incorpora tres (3) tecnolog\u00edas de avanzada GPS, GPRS y GSM, para garantizar eficacia y precisi\u00f3n, el dispositivo\u00a0<em>Localizaya<\/em>\u00a0es un equipo compacto, discreto, seguro y confiable, cuenta con herramientas y accesorios de gran utilidad para evitar el hurto de tu veh\u00edculo.<\/p>\n<p><span style=\"color: #00adee;\"><strong>Puedes contar con servicios como:<\/strong><\/span><\/p>\n<ul>\n<li>Ubicaci\u00f3n GPS de tu veh\u00edculo cada vez que tu requieras 7\/24<\/li>\n<li>Apagado Remoto de tu Veh\u00edculo en caso de hurto.<\/li>\n<li>Alarma con sirena Remota<\/li>\n<li>Sensor de movimiento y\/o apertura no autorizada de puertas.<\/li>\n<li>Notificaciones por impactos, golpes, movimientos no autorizados.<\/li>\n<li>Bot\u00f3n de p\u00e1nico.<\/li>\n<li>Aud\u00edfono esp\u00eda remoto.<\/li>\n<\/ul>\n<p>Lo mejor de adquirir este dispositivo es que no necesitas generar contratos, ni clausulas de permanencia, sin cuotas mensuales, t\u00fa controlas el consumo, equipo en Pre-pago\u00a0<\/p>\n<p><span style=\"color: #00adee\n;\"><strong>Ya es hora que tengas el mejor sistema de seguridad para tu auto, \u00a1olvidate de las alarmas convecionales que solo hacen ruido!<\/strong><\/span><\/p>\t\t\t\t\t\t\t\t<\/div>\n\t\t\t\t<\/div>\n\t\t\t\t\t<\/div>\n\t\t<\/div>\n\t\t\t\t\t<\/div>\n\t\t<\/section>\n\t\t\t\t<section class=\"elementor-section elementor-top-section elementor-element elementor-element-6d9dc7f0 elementor-section-boxed elementor-section-height-default elementor-section-height-default\" data-id=\"6d9dc7f0\" data-element_type=\"section\">\n\t\t\t\t\t\t<div class=\"elementor-container elementor-column-gap-default\">\n\t\t\t\t\t<div class=\"elementor-column elementor-col-100 elementor-top-column elementor-element elementor-element-7a87aedf\" data-id=\"7a87aedf\" data-element_type=\"column\">\n\t\t\t<div class=\"elementor-widget-wrap elementor-element-populated\">\n\t\t\t\t\t\t<div class=\"elementor-element elementor-element-1855458c elementor-widget elementor-widget-button\" data-id=\"1855458c\" data-element_type=\"widget\" data-widget_type=\"button.default\">\n\t\t\t\t<div class=\"elementor-widget-container\">\n\t\t\t\t\t\t\t\t\t<div class=\"elementor-button-wrapper\">\n\t\t\t\t\t<a class=\"elementor-button elementor-button-link elementor-size-sm\" href=\"#00adee\" target=\"_blank\">\n\t\t\t\t\t\t<span class=\"elementor-button-content-wrapper\">\n\t\t\t\t\t\t\t\t\t<span class=\"elementor-button-text\">PREGUNTAS FRECUENTES<\/span>\n\t\t\t\t\t<\/span>\n\t\t\t\t\t<\/a>\n\t\t\t\t<\/div>\n\t\t\t\t\t\t\t\t<\/div>\n\t\t\t\t<\/div>\n\t\t\t\t\t<\/div>\n\t\t<\/div>\n\t\t\t\t\t<\/div>\n\t\t<\/section>\n\t\t\t\t<section class=\"elementor-section elementor-top-section elementor-element elementor-element-2630d87 elementor-section-boxed elementor-section-height-default elementor-section-height-default\" data-id=\"2630d87\" data-element_type=\"section\">\n\t\t\t\t\t\t<div class=\"elementor-container elementor-column-gap-default\">\n\t\t\t\t\t<div class=\"elementor-column elementor-col-100 elementor-top-column elementor-element elementor-element-34884db\" data-id=\"34884db\" data-element_type=\"column\">\n\t\t\t<div class=\"elementor-widget-wrap\">\n\t\t\t\t\t\t\t<\/div>\n\t\t<\/div>\n\t\t\t\t\t<\/div>\n\t\t<\/section>\n\t\t\t\t<section class=\"elementor-section elementor-top-section elementor-element elementor-element-3d86a14 elementor-section-boxed elementor-section-height-default elementor-section-height-default\" data-id=\"3d86a14\" data-element_type=\"section\">\n\t\t\t\t\t\t<div class=\"elementor-container elementor-column-gap-default\">\n\t\t\t\t\t<div class=\"elementor-column elementor-col-100 elementor-top-column elementor-element elementor-element-8f38cd7\" data-id=\"8f38cd7\" data-element_type=\"column\">\n\t\t\t<div class=\"elementor-widget-wrap elementor-element-populated\">\n\t\t\t\t\t\t<div class=\"elementor-element elementor-element-3048c44 elementor-widget elementor-widget-image\" data-id=\"3048c44\" data-element_type=\"widget\" data-widget_type=\"image.default\">\n\t\t\t\t<div class=\"elementor-widget-container\">\n\t\t\t\t\t\t\t\t\t\t\t\t\t\t\t<img fetchpriority=\"high\" decoding=\"async\" width=\"768\" height=\"179\" src=\"https:\/\/localizaya.com\/pagina\/wp-content\/uploads\/2022\/08\/pagos-768x179.jpg\" class=\"attachment-medium_large size-medium_large wp-image-422\" alt=\"\" srcset=\"https:\/\/localizaya.com\/pagina\/wp-content\/uploads\/2022\/08\/pagos-768x179.jpg 768w, https:\/\/localizaya.com\/pagina\/wp-content\/uploads\/2022\/08\/pagos-300x70.jpg 300w, https:\/\/localizaya.com\/pagina\/wp-content\/uploads\/2022\/08\/pagos-1024x239.jpg 1024w, https:\/\/localizaya.com\/pagina\/wp-content\/uploads\/2022\/08\/pagos-1536x358.jpg 1536w, https:\/\/localizaya.com\/pagina\/wp-content\/uploads\/2022\/08\/pagos.jpg 1560w\" sizes=\"(max-width: 768px) 100vw, 768px\" \/>\t\t\t\t\t\t\t\t\t\t\t\t\t\t\t<\/div>\n\t\t\t\t<\/div>\n\t\t\t\t\t<\/div>\n\t\t<\/div>\n\t\t\t\t\t<\/div>\n\t\t<\/section>\n\t\t\t\t<\/div>\n\t\t","protected":false},"excerpt":{"rendered":"<p>Ahora puedes tener control de tu veh\u00edculo, en la palma de tu mano, con un solo Clic desde tu celular El dispositivo\u00a0Localizaya\u00a0para veh\u00edculos es un dispositivo de ubicaci\u00f3n satelital GPS que incorpora tres (3) tecnolog\u00edas de avanzada GPS, GPRS y GSM, para garantizar eficacia y precisi\u00f3n, el dispositivo\u00a0Localizaya\u00a0es un equipo compacto, discreto, seguro y confiable, [&hellip;]<\/p>\n","protected":false},"author":1,"featured_media":0,"parent":0,"menu_order":0,"comment_status":"closed","ping_status":"closed","template":"","meta":{"footnotes":""},"class_list":["post-566","page","type-page","status-publish","hentry"],"_links":{"self":[{"href":"https:\/\/localizaya.com\/pagina\/wp-json\/wp\/v2\/pages\/566","targetHints":{"allow":["GET"]}}],"collection":[{"href":"https:\/\/localizaya.com\/pagina\/wp-json\/wp\/v2\/pages"}],"about":[{"href":"https:\/\/localizaya.com\/pagina\/wp-json\/wp\/v2\/types\/page"}],"author":[{"embeddable":true,"href":"https:\/\/localizaya.com\/pagina\/wp-json\/wp\/v2\/users\/1"}],"replies":[{"embeddable":true,"href":"https:\/\/localizaya.com\/pagina\/wp-json\/wp\/v2\/comments?post=566"}],"version-history":[{"count":31,"href":"https:\/\/localizaya.com\/pagina\/wp-json\/wp\/v2\/pages\/566\/revisions"}],"predecessor-version":[{"id":746,"href":"https:\/\/localizaya.com\/pagina\/wp-json\/wp\/v2\/pages\/566\/revisions\/746"}],"wp:attachment":[{"href":"https:\/\/localizaya.com\/pagina\/wp-json\/wp\/v2\/media?parent=566"}],"curies":[{"name":"wp","href":"https:\/\/api.w.org\/{rel}","templated":true}]}}