{"id":474,"date":"2022-08-11T20:33:32","date_gmt":"2022-08-11T20:33:32","guid":{"rendered":"https:\/\/localizaya.com\/pagina\/?page_id=474"},"modified":"2022-08-11T20:59:03","modified_gmt":"2022-08-11T20:59:03","slug":"empresas","status":"publish","type":"page","link":"https:\/\/localizaya.com\/pagina\/empresas\/","title":{"rendered":"EMPRESAS"},"content":{"rendered":"\t\t<div data-elementor-type=\"wp-page\" data-elementor-id=\"474\" class=\"elementor elementor-474\">\n\t\t\t\t\t\t<section class=\"elementor-section elementor-top-section elementor-element elementor-element-4b723e7e elementor-section-boxed elementor-section-height-default elementor-section-height-default\" data-id=\"4b723e7e\" data-element_type=\"section\">\n\t\t\t\t\t\t<div class=\"elementor-container elementor-column-gap-default\">\n\t\t\t\t\t<div class=\"elementor-column elementor-col-100 elementor-top-column elementor-element elementor-element-4d449474\" data-id=\"4d449474\" data-element_type=\"column\">\n\t\t\t<div class=\"elementor-widget-wrap elementor-element-populated\">\n\t\t\t\t\t\t<div class=\"elementor-element elementor-element-a75432c elementor-widget elementor-widget-text-editor\" data-id=\"a75432c\" data-element_type=\"widget\" data-widget_type=\"text-editor.default\">\n\t\t\t\t<div class=\"elementor-widget-container\">\n\t\t\t\t\t\t\t\t\t\n<div id=\"wp-block-themeisle-blocks-advanced-columns-e6d110d2\" class=\"wp-block-themeisle-blocks-advanced-columns has-0-columns has-desktop-undefined-layout has-tablet-equal-layout has-mobile-equal-layout has-vertical-unset\"><div class=\"wp-block-themeisle-blocks-advanced-columns-overlay\"><\/div><div class=\"innerblocks-wrap\"><\/div><\/div>\n\t\t\t\t\t\t\t\t<\/div>\n\t\t\t\t<\/div>\n\t\t\t\t\t<\/div>\n\t\t<\/div>\n\t\t\t\t\t<\/div>\n\t\t<\/section>\n\t\t\t\t<section class=\"elementor-section elementor-top-section elementor-element elementor-element-2870e7f elementor-section-boxed elementor-section-height-default elementor-section-height-default\" data-id=\"2870e7f\" data-element_type=\"section\">\n\t\t\t\t\t\t<div class=\"elementor-container elementor-column-gap-default\">\n\t\t\t\t\t<div class=\"elementor-column elementor-col-100 elementor-top-column elementor-element elementor-element-646584c\" data-id=\"646584c\" data-element_type=\"column\">\n\t\t\t<div class=\"elementor-widget-wrap elementor-element-populated\">\n\t\t\t\t\t\t<div class=\"elementor-element elementor-element-060b246 elementor-widget elementor-widget-text-editor\" data-id=\"060b246\" data-element_type=\"widget\" data-widget_type=\"text-editor.default\">\n\t\t\t\t<div class=\"elementor-widget-container\">\n\t\t\t\t\t\t\t\t\t<p>Ahora puedes tener control de tus veh\u00edculos, en la palma de tu mano, con un solo Clic desde tu celular, el dispositivo Localizaya para veh\u00edculos es un dispositivo de ubicaci\u00f3n satelital <strong>GPS<\/strong>\u00a0que incorpora tres (3) tecnolog\u00edas de avanzada\u00a0<strong>GPS, GPRS y GSM<\/strong>, para garantizar eficacia y precisi\u00f3n, el dispositivo<\/p>\t\t\t\t\t\t\t\t<\/div>\n\t\t\t\t<\/div>\n\t\t\t\t\t<\/div>\n\t\t<\/div>\n\t\t\t\t\t<\/div>\n\t\t<\/section>\n\t\t\t\t<section class=\"elementor-section elementor-top-section elementor-element elementor-element-186a5ee8 elementor-section-boxed elementor-section-height-default elementor-section-height-default\" data-id=\"186a5ee8\" data-element_type=\"section\">\n\t\t\t\t\t\t<div class=\"elementor-container elementor-column-gap-default\">\n\t\t\t\t\t<div class=\"elementor-column elementor-col-100 elementor-top-column elementor-element elementor-element-3fc464cb\" data-id=\"3fc464cb\" data-element_type=\"column\">\n\t\t\t<div class=\"elementor-widget-wrap elementor-element-populated\">\n\t\t\t\t\t\t<div class=\"elementor-element elementor-element-7a9aed81 elementor-widget elementor-widget-text-editor\" data-id=\"7a9aed81\" data-element_type=\"widget\" data-widget_type=\"text-editor.default\">\n\t\t\t\t<div class=\"elementor-widget-container\">\n\t\t\t\t\t\t\t\t\t<p><span style=\"color: #00adee;\"><strong>Aumente su productividad administrando eficientemente sus veh\u00edculos.<\/strong><\/span><\/p>\n<ul>\n<li>Conozco las horas reales de trabajo de sus conductores.<\/li>\n<li>Seguimiento y ubicaci\u00f3n remota en tiempo real.<\/li>\n<li>Apagado Remoto.<\/li>\n<li>Alarma Remota.<\/li>\n<li>Sensor de movimiento.<\/li>\n<li>Notificaciones por impactos, golpes, movimientos no autorizados, exceso de velocidad.<\/li>\n<li>Bot\u00f3n de p\u00e1nico.<\/li>\n<li>Aud\u00edfono esp\u00eda remoto.<\/li>\n<\/ul>\t\t\t\t\t\t\t\t<\/div>\n\t\t\t\t<\/div>\n\t\t\t\t<div class=\"elementor-element elementor-element-73326caf elementor-widget elementor-widget-button\" data-id=\"73326caf\" data-element_type=\"widget\" data-widget_type=\"button.default\">\n\t\t\t\t<div class=\"elementor-widget-container\">\n\t\t\t\t\t\t\t\t\t<div class=\"elementor-button-wrapper\">\n\t\t\t\t\t<a class=\"elementor-button elementor-button-link elementor-size-sm\" href=\"https:\/\/localizaya.com\/pagina\/wp-content\/uploads\/2022\/08\/preguntasfrecuentes_empresas.html\" target=\"_blank\">\n\t\t\t\t\t\t<span class=\"elementor-button-content-wrapper\">\n\t\t\t\t\t\t\t\t\t<span class=\"elementor-button-text\">PREGUNTAS FRECUENTES<\/span>\n\t\t\t\t\t<\/span>\n\t\t\t\t\t<\/a>\n\t\t\t\t<\/div>\n\t\t\t\t\t\t\t\t<\/div>\n\t\t\t\t<\/div>\n\t\t\t\t\t<\/div>\n\t\t<\/div>\n\t\t\t\t\t<\/div>\n\t\t<\/section>\n\t\t\t\t<section class=\"elementor-section elementor-top-section elementor-element elementor-element-903bb6f elementor-section-boxed elementor-section-height-default elementor-section-height-default\" data-id=\"903bb6f\" data-element_type=\"section\">\n\t\t\t\t\t\t<div class=\"elementor-container elementor-column-gap-default\">\n\t\t\t\t\t<div class=\"elementor-column elementor-col-100 elementor-top-column elementor-element elementor-element-4825015\" data-id=\"4825015\" data-element_type=\"column\">\n\t\t\t<div class=\"elementor-widget-wrap elementor-element-populated\">\n\t\t\t\t\t\t<div class=\"elementor-element elementor-element-7967077 elementor-widget elementor-widget-text-editor\" data-id=\"7967077\" data-element_type=\"widget\" data-widget_type=\"text-editor.default\">\n\t\t\t\t<div class=\"elementor-widget-container\">\n\t\t\t\t\t\t\t\t\t<p><span style=\"color: #00adee;\"><strong>Opci\u00f3n 1: SERVICIO TRACKING ON LINE<\/strong><\/span><\/p>\n<ul>\n<li>Localizador GPS para vehiculos con bater\u00eda de litio recargable.<\/li>\n<li>Usted puede hacer seguimiento en tiempo real en l\u00ednea sobre sus activos.<\/li>\n<li>Almacena el desplazamiento del activo y puede reproducir informaci\u00f3n anterior hasta 3 meses.<\/li>\n<li>Puede ver informes de recorridos, desplazamientos y dem\u00e1s acciones sobre el activo.<\/li>\n<li>Puede generar geocercas para controlar rutas.<\/li>\n<li>Puede realizar acciones sobre el veh\u00edculo, como: apagado remoto, micr\u00f3fono esp\u00eda, activar alarma, sensores de movimiento o apertura de puertas, bot\u00f3n de p\u00e1nico y muchas m\u00e1s (depende de plan y equipo).<\/li>\n<li>Puede acceder a plataforma web a trav\u00e9s de cualquier PC con acceso a internet desde cualquier navegador.<\/li>\n<li>Cuenta con Aplicaci\u00f3n M\u00f3vil web.<\/li>\n<li>Aud\u00edfono esp\u00eda remoto.<\/li>\n<\/ul>\n<p>\u00a0<\/p>\n<p><span style=\"color: #00adee;\">\u00a0<strong>Ventajas competitivas y requerimientos.<\/strong><\/span><\/p>\n<ul>\n<li>Ubicaci\u00f3n en tiempo real del dispositivo.<\/li>\n<li>Reportes especializados por fecha y hora.<\/li>\n<li>Almacenamiento de informaci\u00f3n por 3 meses.<\/li>\n<li>Plataforma 24 horas.<\/li>\n<li>Vista en mapa google earth y street view.<\/li>\n<li>Reproduce recorridos por rangos de fecha.<\/li>\n<li>La comunicaci\u00f3n entre el dispositivo y el usuario es a trav\u00e9s de internet (GPRS).<\/li>\n<li>Cuenta con Aplicaci\u00f3n M\u00f3vil web para todos los servicios de tracking.<\/li>\n<li>Aud\u00edfono esp\u00eda remoto.<\/li>\n<\/ul>\t\t\t\t\t\t\t\t<\/div>\n\t\t\t\t<\/div>\n\t\t\t\t\t<\/div>\n\t\t<\/div>\n\t\t\t\t\t<\/div>\n\t\t<\/section>\n\t\t\t\t<section class=\"elementor-section elementor-top-section elementor-element elementor-element-67028cd elementor-section-boxed elementor-section-height-default elementor-section-height-default\" data-id=\"67028cd\" data-element_type=\"section\">\n\t\t\t\t\t\t<div class=\"elementor-container elementor-column-gap-default\">\n\t\t\t\t\t<div class=\"elementor-column elementor-col-100 elementor-top-column elementor-element elementor-element-35bc75b\" data-id=\"35bc75b\" data-element_type=\"column\">\n\t\t\t<div class=\"elementor-widget-wrap elementor-element-populated\">\n\t\t\t\t\t\t<div class=\"elementor-element elementor-element-8f9f48f elementor-widget elementor-widget-text-editor\" data-id=\"8f9f48f\" data-element_type=\"widget\" data-widget_type=\"text-editor.default\">\n\t\t\t\t<div class=\"elementor-widget-container\">\n\t\t\t\t\t\t\t\t\t<p><span style=\"color: #00adee;\"><strong>Ingreso Multiplataforma:<\/strong><\/span><\/p>\n<p>\u00a0<\/p>\n<p><img fetchpriority=\"high\" decoding=\"async\" class=\"size-medium wp-image-486 alignleft\" src=\"https:\/\/localizaya.com\/pagina\/wp-content\/uploads\/2022\/08\/dispositivos-300x184.png\" alt=\"\" width=\"300\" height=\"184\" srcset=\"https:\/\/localizaya.com\/pagina\/wp-content\/uploads\/2022\/08\/dispositivos-300x184.png 300w, https:\/\/localizaya.com\/pagina\/wp-content\/uploads\/2022\/08\/dispositivos.png 667w\" sizes=\"(max-width: 300px) 100vw, 300px\" \/><\/p>\n<p>Usted, podr\u00e1n acceder 24 horas del d\u00eda remotamente a la plataforma, desde diversos tipos de dispositivos tecnol\u00f3gicos, (PC, Smartphone, tablets) garantizando el acceso y control en l\u00ednea en cualquier momento.<\/p>\t\t\t\t\t\t\t\t<\/div>\n\t\t\t\t<\/div>\n\t\t\t\t\t<\/div>\n\t\t<\/div>\n\t\t\t\t\t<\/div>\n\t\t<\/section>\n\t\t\t\t<section class=\"elementor-section elementor-top-section elementor-element elementor-element-fe249a8 elementor-section-boxed elementor-section-height-default elementor-section-height-default\" data-id=\"fe249a8\" data-element_type=\"section\">\n\t\t\t\t\t\t<div class=\"elementor-container elementor-column-gap-default\">\n\t\t\t\t\t<div class=\"elementor-column elementor-col-100 elementor-top-column elementor-element elementor-element-7be7f86\" data-id=\"7be7f86\" data-element_type=\"column\">\n\t\t\t<div class=\"elementor-widget-wrap elementor-element-populated\">\n\t\t\t\t\t\t<div class=\"elementor-element elementor-element-b757597 elementor-widget elementor-widget-text-editor\" data-id=\"b757597\" data-element_type=\"widget\" data-widget_type=\"text-editor.default\">\n\t\t\t\t<div class=\"elementor-widget-container\">\n\t\t\t\t\t\t\t\t\t<p><span style=\"color: #00adee;\"><strong>Opci\u00f3n 2: SERVICIO VIDEO \u2013MONITOREO ON LINE<\/strong><\/span><\/p>\n<p><img decoding=\"async\" class=\"size-medium wp-image-492 alignleft\" src=\"https:\/\/localizaya.com\/pagina\/wp-content\/uploads\/2022\/08\/servicio_monitoreo-300x176.png\" alt=\"\" width=\"300\" height=\"176\" srcset=\"https:\/\/localizaya.com\/pagina\/wp-content\/uploads\/2022\/08\/servicio_monitoreo-300x176.png 300w, https:\/\/localizaya.com\/pagina\/wp-content\/uploads\/2022\/08\/servicio_monitoreo-768x451.png 768w, https:\/\/localizaya.com\/pagina\/wp-content\/uploads\/2022\/08\/servicio_monitoreo.png 873w\" sizes=\"(max-width: 300px) 100vw, 300px\" \/><\/p>\n<p>Con nuestro servicio de Video-Monitoreo On line al igual que en el servicio anterior, podr\u00e1n acceder remotamente al video on line o revisar las grabaciones anteriores desde la plataforma, a trav\u00e9s de diversos tipos de dispositivos tecnol\u00f3gicos, (PC, Smartphone, tablets) garantizando el acceso y control en l\u00ednea en cualquier momento. De cumplimiento a las regulaciones del ministerio de transporte (Decreto 0348 de 2015).<\/p>\n<p>\u00a0<\/p>\n<p>\u00a0<\/p>\n<p><img decoding=\"async\" class=\"size-full wp-image-490 alignleft\" src=\"https:\/\/localizaya.com\/pagina\/wp-content\/uploads\/2022\/08\/camaras.png\" alt=\"\" width=\"269\" height=\"154\" \/>Contamos con diversos equipos de seguridad especializados en control de video y audio, con diferentes tipos de resoluciones, para implementar una soluci\u00f3n a su medida con varias alternativas ajustadas a su presupuesto.<img loading=\"lazy\" decoding=\"async\" class=\"alignnone  wp-image-491\" src=\"https:\/\/localizaya.com\/pagina\/wp-content\/uploads\/2022\/08\/celularcamara.png\" alt=\"\" width=\"129\" height=\"129\" srcset=\"https:\/\/localizaya.com\/pagina\/wp-content\/uploads\/2022\/08\/celularcamara.png 268w, https:\/\/localizaya.com\/pagina\/wp-content\/uploads\/2022\/08\/celularcamara-150x150.png 150w\" sizes=\"(max-width: 129px) 100vw, 129px\" \/><\/p>\t\t\t\t\t\t\t\t<\/div>\n\t\t\t\t<\/div>\n\t\t\t\t\t<\/div>\n\t\t<\/div>\n\t\t\t\t\t<\/div>\n\t\t<\/section>\n\t\t\t\t<section class=\"elementor-section elementor-top-section elementor-element elementor-element-723dd3a1 elementor-section-boxed elementor-section-height-default elementor-section-height-default\" data-id=\"723dd3a1\" data-element_type=\"section\">\n\t\t\t\t\t\t<div class=\"elementor-container elementor-column-gap-default\">\n\t\t\t\t\t<div class=\"elementor-column elementor-col-100 elementor-top-column elementor-element elementor-element-408b7f43\" data-id=\"408b7f43\" data-element_type=\"column\">\n\t\t\t<div class=\"elementor-widget-wrap elementor-element-populated\">\n\t\t\t\t\t\t<div class=\"elementor-element elementor-element-5ba70130 elementor-widget elementor-widget-text-editor\" data-id=\"5ba70130\" data-element_type=\"widget\" data-widget_type=\"text-editor.default\">\n\t\t\t\t<div class=\"elementor-widget-container\">\n\t\t\t\t\t\t\t\t\t<p style=\"text-align: center;\"><strong>Una marca\u00a0<\/strong><\/p>\n<p><img loading=\"lazy\" decoding=\"async\" class=\"size-full wp-image-430 aligncenter\" src=\"https:\/\/localizaya.com\/pagina\/wp-content\/uploads\/2022\/08\/logonuevofinalweb2.png\" alt=\"\" width=\"226\" height=\"64\" \/><\/p>\t\t\t\t\t\t\t\t<\/div>\n\t\t\t\t<\/div>\n\t\t\t\t\t<\/div>\n\t\t<\/div>\n\t\t\t\t\t<\/div>\n\t\t<\/section>\n\t\t\t\t<\/div>\n\t\t","protected":false},"excerpt":{"rendered":"<p>Ahora puedes tener control de tus veh\u00edculos, en la palma de tu mano, con un solo Clic desde tu celular, el dispositivo Localizaya para veh\u00edculos es un dispositivo de ubicaci\u00f3n satelital GPS\u00a0que incorpora tres (3) tecnolog\u00edas de avanzada\u00a0GPS, GPRS y GSM, para garantizar eficacia y precisi\u00f3n, el dispositivo Aumente su productividad administrando eficientemente sus veh\u00edculos. [&hellip;]<\/p>\n","protected":false},"author":1,"featured_media":0,"parent":0,"menu_order":0,"comment_status":"closed","ping_status":"closed","template":"elementor_header_footer","meta":{"footnotes":""},"class_list":["post-474","page","type-page","status-publish","hentry"],"_links":{"self":[{"href":"https:\/\/localizaya.com\/pagina\/wp-json\/wp\/v2\/pages\/474","targetHints":{"allow":["GET"]}}],"collection":[{"href":"https:\/\/localizaya.com\/pagina\/wp-json\/wp\/v2\/pages"}],"about":[{"href":"https:\/\/localizaya.com\/pagina\/wp-json\/wp\/v2\/types\/page"}],"author":[{"embeddable":true,"href":"https:\/\/localizaya.com\/pagina\/wp-json\/wp\/v2\/users\/1"}],"replies":[{"embeddable":true,"href":"https:\/\/localizaya.com\/pagina\/wp-json\/wp\/v2\/comments?post=474"}],"version-history":[{"count":22,"href":"https:\/\/localizaya.com\/pagina\/wp-json\/wp\/v2\/pages\/474\/revisions"}],"predecessor-version":[{"id":501,"href":"https:\/\/localizaya.com\/pagina\/wp-json\/wp\/v2\/pages\/474\/revisions\/501"}],"wp:attachment":[{"href":"https:\/\/localizaya.com\/pagina\/wp-json\/wp\/v2\/media?parent=474"}],"curies":[{"name":"wp","href":"https:\/\/api.w.org\/{rel}","templated":true}]}}