{"id":444,"date":"2022-08-11T19:26:19","date_gmt":"2022-08-11T19:26:19","guid":{"rendered":"https:\/\/localizaya.com\/pagina\/?page_id=444"},"modified":"2022-08-11T20:14:14","modified_gmt":"2022-08-11T20:14:14","slug":"bicicletas","status":"publish","type":"page","link":"https:\/\/localizaya.com\/pagina\/bicicletas\/","title":{"rendered":"BICICLETAS"},"content":{"rendered":"\t\t<div data-elementor-type=\"wp-page\" data-elementor-id=\"444\" class=\"elementor elementor-444\">\n\t\t\t\t\t\t<section class=\"elementor-section elementor-top-section elementor-element elementor-element-38a81dc elementor-section-boxed elementor-section-height-default elementor-section-height-default\" data-id=\"38a81dc\" data-element_type=\"section\">\n\t\t\t\t\t\t<div class=\"elementor-container elementor-column-gap-default\">\n\t\t\t\t\t<div class=\"elementor-column elementor-col-100 elementor-top-column elementor-element elementor-element-57fedadf\" data-id=\"57fedadf\" data-element_type=\"column\">\n\t\t\t<div class=\"elementor-widget-wrap elementor-element-populated\">\n\t\t\t\t\t\t<div class=\"elementor-element elementor-element-6a73034d elementor-widget elementor-widget-text-editor\" data-id=\"6a73034d\" data-element_type=\"widget\" data-widget_type=\"text-editor.default\">\n\t\t\t\t<div class=\"elementor-widget-container\">\n\t\t\t\t\t\t\t\t\t\n<div id=\"wp-block-themeisle-blocks-advanced-columns-e164acf9\" class=\"wp-block-themeisle-blocks-advanced-columns has-0-columns has-desktop-undefined-layout has-tablet-equal-layout has-mobile-equal-layout has-vertical-unset\"><div class=\"wp-block-themeisle-blocks-advanced-columns-overlay\"><\/div><div class=\"innerblocks-wrap\"><\/div><\/div>\n\t\t\t\t\t\t\t\t<\/div>\n\t\t\t\t<\/div>\n\t\t\t\t\t<\/div>\n\t\t<\/div>\n\t\t\t\t\t<\/div>\n\t\t<\/section>\n\t\t\t\t<section class=\"elementor-section elementor-top-section elementor-element elementor-element-7386a39 elementor-section-boxed elementor-section-height-default elementor-section-height-default\" data-id=\"7386a39\" data-element_type=\"section\">\n\t\t\t\t\t\t<div class=\"elementor-container elementor-column-gap-default\">\n\t\t\t\t\t<div class=\"elementor-column elementor-col-100 elementor-top-column elementor-element elementor-element-44fe693\" data-id=\"44fe693\" data-element_type=\"column\">\n\t\t\t<div class=\"elementor-widget-wrap\">\n\t\t\t\t\t\t\t<\/div>\n\t\t<\/div>\n\t\t\t\t\t<\/div>\n\t\t<\/section>\n\t\t\t\t<section class=\"elementor-section elementor-top-section elementor-element elementor-element-759e3f1 elementor-section-boxed elementor-section-height-default elementor-section-height-default\" data-id=\"759e3f1\" data-element_type=\"section\">\n\t\t\t\t\t\t<div class=\"elementor-container elementor-column-gap-default\">\n\t\t\t\t\t<div class=\"elementor-column elementor-col-100 elementor-top-column elementor-element elementor-element-6e51a54\" data-id=\"6e51a54\" data-element_type=\"column\">\n\t\t\t<div class=\"elementor-widget-wrap elementor-element-populated\">\n\t\t\t\t\t\t<div class=\"elementor-element elementor-element-60989c6 elementor-widget elementor-widget-text-editor\" data-id=\"60989c6\" data-element_type=\"widget\" data-widget_type=\"text-editor.default\">\n\t\t\t\t<div class=\"elementor-widget-container\">\n\t\t\t\t\t\t\t\t\t<p><span style=\"color: #00adee;\"><strong><img decoding=\"async\" class=\"size-full wp-image-447 alignleft\" src=\"https:\/\/localizaya.com\/pagina\/wp-content\/uploads\/2022\/08\/redondobicicicletas1.png\" alt=\"\" width=\"160\" height=\"160\" srcset=\"https:\/\/localizaya.com\/pagina\/wp-content\/uploads\/2022\/08\/redondobicicicletas1.png 160w, https:\/\/localizaya.com\/pagina\/wp-content\/uploads\/2022\/08\/redondobicicicletas1-150x150.png 150w\" sizes=\"(max-width: 160px) 100vw, 160px\" \/>\u00a1No permitas que te roben tu bicicleta!<\/strong><\/span><\/p>\n<p>Ahora puedes saber el lugar donde se encuentra tu Bici con un solo Clic desde tu celular, el dispositivo Localizaya para Bicicletas es un dispositivo de ubicaci\u00f3n satelital GPS que incorpora tres (3) tecnolog\u00edas de avanzada GPS, GPRS y GSM, para garantizar eficacia y precisi\u00f3n, Te informa el trayecto y distancia recorrida durante el d\u00eda.<\/p>\n<p>El dispositivo Localizaya es un equipo compacto, discreto, seguro y confiable, cuenta con herramientas y accesorios de gran utilidad para evitar la p\u00e9rdida o hurto de tu bicicleta.<\/p>\n<p><span style=\"color: #00adee;\"><strong>Puedes contar con servicios como:<\/strong><\/span><\/p>\n<ul>\n<li>Desde tu celular ubica remotamente tu bici, lo mejor !No necesitas DATOS!<\/li>\n<li>Seguimiento y ubicaci\u00f3n en tiempo real.<\/li>\n<li>Notificaciones por impactos, golpes, movimientos no autorizados, exceso de velocidad.<\/li>\n<\/ul>\n<p>\u00a0<\/p>\n<p>Lo mejor de adquirir este dispositivo para tu Bici es que no necesitas generar contratos, ni clausulas de permanencia, sin cuotas mensuales, t\u00fa controlas el consumo, equipo en Pre-pago y con posibilidad de adquirirlo a trav\u00e9s de cr\u00e9dito directo, sin fiadores, estudio de cr\u00e9dito r\u00e1pido y autorizaci\u00f3n inmediata.<\/p>\t\t\t\t\t\t\t\t<\/div>\n\t\t\t\t<\/div>\n\t\t\t\t\t<\/div>\n\t\t<\/div>\n\t\t\t\t\t<\/div>\n\t\t<\/section>\n\t\t\t\t<section class=\"elementor-section elementor-top-section elementor-element elementor-element-78b263bc elementor-section-boxed elementor-section-height-default elementor-section-height-default\" data-id=\"78b263bc\" data-element_type=\"section\">\n\t\t\t\t\t\t<div class=\"elementor-container elementor-column-gap-default\">\n\t\t\t\t\t<div class=\"elementor-column elementor-col-100 elementor-top-column elementor-element elementor-element-7224de2e\" data-id=\"7224de2e\" data-element_type=\"column\">\n\t\t\t<div class=\"elementor-widget-wrap elementor-element-populated\">\n\t\t\t\t\t\t<div class=\"elementor-element elementor-element-4fc4f28b elementor-widget elementor-widget-button\" data-id=\"4fc4f28b\" data-element_type=\"widget\" data-widget_type=\"button.default\">\n\t\t\t\t<div class=\"elementor-widget-container\">\n\t\t\t\t\t\t\t\t\t<div class=\"elementor-button-wrapper\">\n\t\t\t\t\t<a class=\"elementor-button elementor-button-link elementor-size-sm\" href=\"https:\/\/localizaya.com\/pagina\/wp-content\/uploads\/2022\/08\/preguntasfrecuentes_bicicletas.html\" target=\"_blank\">\n\t\t\t\t\t\t<span class=\"elementor-button-content-wrapper\">\n\t\t\t\t\t\t\t\t\t<span class=\"elementor-button-text\">PREGUNTAS FRECUENTES<\/span>\n\t\t\t\t\t<\/span>\n\t\t\t\t\t<\/a>\n\t\t\t\t<\/div>\n\t\t\t\t\t\t\t\t<\/div>\n\t\t\t\t<\/div>\n\t\t\t\t\t<\/div>\n\t\t<\/div>\n\t\t\t\t\t<\/div>\n\t\t<\/section>\n\t\t\t\t<section class=\"elementor-section elementor-top-section elementor-element elementor-element-18aab6a elementor-section-boxed elementor-section-height-default elementor-section-height-default\" data-id=\"18aab6a\" data-element_type=\"section\">\n\t\t\t\t\t\t<div class=\"elementor-container elementor-column-gap-default\">\n\t\t\t\t\t<div class=\"elementor-column elementor-col-33 elementor-top-column elementor-element elementor-element-1df9098\" data-id=\"1df9098\" data-element_type=\"column\">\n\t\t\t<div class=\"elementor-widget-wrap elementor-element-populated\">\n\t\t\t\t\t\t<div class=\"elementor-element elementor-element-1bd9680 elementor-widget elementor-widget-spacer\" data-id=\"1bd9680\" data-element_type=\"widget\" data-widget_type=\"spacer.default\">\n\t\t\t\t<div class=\"elementor-widget-container\">\n\t\t\t\t\t\t\t<div class=\"elementor-spacer\">\n\t\t\t<div class=\"elementor-spacer-inner\"><\/div>\n\t\t<\/div>\n\t\t\t\t\t\t<\/div>\n\t\t\t\t<\/div>\n\t\t\t\t\t<\/div>\n\t\t<\/div>\n\t\t\t\t<div class=\"elementor-column elementor-col-33 elementor-top-column elementor-element elementor-element-53f091e\" data-id=\"53f091e\" data-element_type=\"column\">\n\t\t\t<div class=\"elementor-widget-wrap elementor-element-populated\">\n\t\t\t\t\t\t<div class=\"elementor-element elementor-element-ad292b6 elementor-widget elementor-widget-text-editor\" data-id=\"ad292b6\" data-element_type=\"widget\" data-widget_type=\"text-editor.default\">\n\t\t\t\t<div class=\"elementor-widget-container\">\n\t\t\t\t\t\t\t\t\t<table align=\"center\">\n<tbody>\n<tr>\n<td class=\"border dark-background\" bgcolor=\"#ECECEC\"><strong>Servicios<\/strong><\/td>\n<td class=\"border dark-background\" bgcolor=\"#ECECEC\">\n<div align=\"center\"><strong>Observaciones<\/strong><\/div>\n<\/td>\n<td class=\"border dark-background no-border-top\" bgcolor=\"#ECECEC\">\n<div align=\"center\"><strong>Platinium<\/strong><\/div>\n<\/td>\n<\/tr>\n<tr>\n<td class=\"mb\">Instalaci\u00f3n<\/td>\n<td class=\"border\" align=\"center\">\n<div><strong><a class=\"jutooltip\">Ver m\u00e1s<\/a>\u00a0&gt;&gt;<\/strong><\/div>\n<\/td>\n<td class=\"border\">\n<div align=\"center\"><span class=\"checked\"><img decoding=\"async\" src=\"https:\/\/web.archive.org\/web\/20220312162413im_\/http:\/\/localizaya.com\/images\/yootheme\/demo\/default\/chuloazul.png\" alt=\"\" width=\"30\" height=\"28\" \/><\/span><\/div>\n<\/td>\n<\/tr>\n<tr>\n<td class=\"mb\">Garantia<\/td>\n<td class=\"border\" align=\"center\">\n<div><strong><a class=\"jutooltip\">Ver m\u00e1s<\/a><\/strong>\u00a0<strong>&gt;&gt;<\/strong><\/div>\n<\/td>\n<td class=\"border\">\n<div align=\"center\"><span class=\"checked\"><img decoding=\"async\" src=\"https:\/\/web.archive.org\/web\/20220312162413im_\/http:\/\/localizaya.com\/images\/yootheme\/demo\/default\/chuloazul.png\" alt=\"\" width=\"35\" height=\"27\" \/><\/span><\/div>\n<\/td>\n<\/tr>\n<tr>\n<td class=\"mb\">Valores Agregados &#8211; Club Localizaya VIP<\/td>\n<td class=\"border\" align=\"center\">\n<div><strong><a class=\"jutooltip\">Ver m\u00e1s<\/a>\u00a0&gt;&gt;<\/strong><\/div>\n<\/td>\n<td class=\"border\">\n<div align=\"center\"><span class=\"checked\"><img decoding=\"async\" src=\"https:\/\/web.archive.org\/web\/20220312162413im_\/http:\/\/localizaya.com\/images\/yootheme\/demo\/default\/chuloazul.png\" alt=\"\" width=\"35\" height=\"27\" \/><\/span><\/div>\n<\/td>\n<\/tr>\n<tr>\n<td class=\"mb\">Aplicaci\u00f3n Smartphone<\/td>\n<td class=\"border\" align=\"center\">\n<div><strong><a class=\"jutooltip\">Ver m\u00e1s &gt;&gt;<\/a><\/strong><\/div>\n<\/td>\n<td class=\"border\">\n<div align=\"center\"><span class=\"checked\"><img decoding=\"async\" src=\"https:\/\/web.archive.org\/web\/20220312162413im_\/http:\/\/localizaya.com\/images\/yootheme\/demo\/default\/chuloazul.png\" alt=\"\" width=\"30\" height=\"28\" \/><\/span><\/div>\n<\/td>\n<\/tr>\n<tr>\n<td class=\"mb\">Ubicaci\u00f3n Satelital GPS<\/td>\n<td class=\"border\" align=\"center\">\n<div><strong><a class=\"jutooltip\">Ver m\u00e1s &gt;&gt;<\/a><\/strong><\/div>\n<\/td>\n<td class=\"border\">\n<div align=\"center\"><span class=\"checked\"><img decoding=\"async\" src=\"https:\/\/web.archive.org\/web\/20220312162413im_\/http:\/\/localizaya.com\/images\/yootheme\/demo\/default\/chuloazul.png\" alt=\"\" width=\"30\" height=\"28\" \/><\/span><\/div>\n<\/td>\n<\/tr>\n<tr>\n<td class=\"mb\">Notificaci\u00f3n SMS Ubicaci\u00f3n y Movimientos No autorizados<\/td>\n<td class=\"border\" align=\"center\">\n<div><strong><a class=\"jutooltip\">Ver m\u00e1s &gt;&gt;<\/a><\/strong><\/div>\n<\/td>\n<td class=\"border\">\n<div align=\"center\"><span class=\"checked\"><img decoding=\"async\" src=\"https:\/\/web.archive.org\/web\/20220312162413im_\/http:\/\/localizaya.com\/images\/yootheme\/demo\/default\/chuloazul.png\" alt=\"\" width=\"30\" height=\"28\" \/><\/span><\/div>\n<\/td>\n<\/tr>\n<tr>\n<td class=\"mb\">Comando S.O.S<\/td>\n<td class=\"border\" align=\"center\">\n<div><strong><a class=\"jutooltip\">Ver m\u00e1s &gt;&gt;<\/a><\/strong><\/div>\n<\/td>\n<td class=\"border\">\n<div align=\"center\"><span class=\"checked\"><img decoding=\"async\" src=\"https:\/\/web.archive.org\/web\/20220312162413im_\/http:\/\/localizaya.com\/images\/yootheme\/demo\/default\/chuloazul.png\" alt=\"\" width=\"30\" height=\"28\" \/><\/span><\/div>\n<\/td>\n<\/tr>\n<tr>\n<td class=\"mb\">SIM Card<\/td>\n<td class=\"border\" align=\"center\">\n<div><strong><a class=\"jutooltip\">Ver m\u00e1s &gt;&gt;<\/a><\/strong><\/div>\n<\/td>\n<td class=\"XX\">\n<div align=\"center\"><span class=\"checked\"><img loading=\"lazy\" decoding=\"async\" src=\"https:\/\/web.archive.org\/web\/20220312162413im_\/http:\/\/localizaya.com\/images\/lax.png\" alt=\"\" width=\"23\" height=\"25\" \/><\/span><\/div>\n<\/td>\n<\/tr>\n<\/tbody>\n<\/table>\t\t\t\t\t\t\t\t<\/div>\n\t\t\t\t<\/div>\n\t\t\t\t\t<\/div>\n\t\t<\/div>\n\t\t\t\t<div class=\"elementor-column elementor-col-33 elementor-top-column elementor-element elementor-element-06a3166\" data-id=\"06a3166\" data-element_type=\"column\">\n\t\t\t<div class=\"elementor-widget-wrap\">\n\t\t\t\t\t\t\t<\/div>\n\t\t<\/div>\n\t\t\t\t\t<\/div>\n\t\t<\/section>\n\t\t\t\t<section class=\"elementor-section elementor-top-section elementor-element elementor-element-7212948 elementor-section-boxed elementor-section-height-default elementor-section-height-default\" data-id=\"7212948\" data-element_type=\"section\">\n\t\t\t\t\t\t<div class=\"elementor-container elementor-column-gap-default\">\n\t\t\t\t\t<div class=\"elementor-column elementor-col-100 elementor-top-column elementor-element elementor-element-49db22e\" data-id=\"49db22e\" data-element_type=\"column\">\n\t\t\t<div class=\"elementor-widget-wrap elementor-element-populated\">\n\t\t\t\t\t\t<div class=\"elementor-element elementor-element-a1a3f2a elementor-widget elementor-widget-image\" data-id=\"a1a3f2a\" data-element_type=\"widget\" data-widget_type=\"image.default\">\n\t\t\t\t<div class=\"elementor-widget-container\">\n\t\t\t\t\t\t\t\t\t\t\t\t\t\t\t<img loading=\"lazy\" decoding=\"async\" width=\"768\" height=\"179\" src=\"https:\/\/localizaya.com\/pagina\/wp-content\/uploads\/2022\/08\/pagos-768x179.jpg\" class=\"attachment-medium_large size-medium_large wp-image-422\" alt=\"\" srcset=\"https:\/\/localizaya.com\/pagina\/wp-content\/uploads\/2022\/08\/pagos-768x179.jpg 768w, https:\/\/localizaya.com\/pagina\/wp-content\/uploads\/2022\/08\/pagos-300x70.jpg 300w, https:\/\/localizaya.com\/pagina\/wp-content\/uploads\/2022\/08\/pagos-1024x239.jpg 1024w, https:\/\/localizaya.com\/pagina\/wp-content\/uploads\/2022\/08\/pagos-1536x358.jpg 1536w, https:\/\/localizaya.com\/pagina\/wp-content\/uploads\/2022\/08\/pagos.jpg 1560w\" sizes=\"(max-width: 768px) 100vw, 768px\" \/>\t\t\t\t\t\t\t\t\t\t\t\t\t\t\t<\/div>\n\t\t\t\t<\/div>\n\t\t\t\t\t<\/div>\n\t\t<\/div>\n\t\t\t\t\t<\/div>\n\t\t<\/section>\n\t\t\t\t<\/div>\n\t\t","protected":false},"excerpt":{"rendered":"<p>\u00a1No permitas que te roben tu bicicleta! Ahora puedes saber el lugar donde se encuentra tu Bici con un solo Clic desde tu celular, el dispositivo Localizaya para Bicicletas es un dispositivo de ubicaci\u00f3n satelital GPS que incorpora tres (3) tecnolog\u00edas de avanzada GPS, GPRS y GSM, para garantizar eficacia y precisi\u00f3n, Te informa el [&hellip;]<\/p>\n","protected":false},"author":1,"featured_media":0,"parent":0,"menu_order":0,"comment_status":"closed","ping_status":"closed","template":"elementor_header_footer","meta":{"footnotes":""},"class_list":["post-444","page","type-page","status-publish","hentry"],"_links":{"self":[{"href":"https:\/\/localizaya.com\/pagina\/wp-json\/wp\/v2\/pages\/444","targetHints":{"allow":["GET"]}}],"collection":[{"href":"https:\/\/localizaya.com\/pagina\/wp-json\/wp\/v2\/pages"}],"about":[{"href":"https:\/\/localizaya.com\/pagina\/wp-json\/wp\/v2\/types\/page"}],"author":[{"embeddable":true,"href":"https:\/\/localizaya.com\/pagina\/wp-json\/wp\/v2\/users\/1"}],"replies":[{"embeddable":true,"href":"https:\/\/localizaya.com\/pagina\/wp-json\/wp\/v2\/comments?post=444"}],"version-history":[{"count":22,"href":"https:\/\/localizaya.com\/pagina\/wp-json\/wp\/v2\/pages\/444\/revisions"}],"predecessor-version":[{"id":473,"href":"https:\/\/localizaya.com\/pagina\/wp-json\/wp\/v2\/pages\/444\/revisions\/473"}],"wp:attachment":[{"href":"https:\/\/localizaya.com\/pagina\/wp-json\/wp\/v2\/media?parent=444"}],"curies":[{"name":"wp","href":"https:\/\/api.w.org\/{rel}","templated":true}]}}