{"id":368,"date":"2022-08-11T18:12:37","date_gmt":"2022-08-11T18:12:37","guid":{"rendered":"https:\/\/localizaya.com\/pagina\/?page_id=368"},"modified":"2022-08-11T19:15:00","modified_gmt":"2022-08-11T19:15:00","slug":"motocicletas","status":"publish","type":"page","link":"https:\/\/localizaya.com\/pagina\/motocicletas\/","title":{"rendered":"MOTOCICLETAS"},"content":{"rendered":"\t\t<div data-elementor-type=\"wp-page\" data-elementor-id=\"368\" class=\"elementor elementor-368\">\n\t\t\t\t\t\t<section class=\"elementor-section elementor-top-section elementor-element elementor-element-1c2565ea elementor-section-boxed elementor-section-height-default elementor-section-height-default\" data-id=\"1c2565ea\" data-element_type=\"section\">\n\t\t\t\t\t\t<div class=\"elementor-container elementor-column-gap-default\">\n\t\t\t\t\t<div class=\"elementor-column elementor-col-100 elementor-top-column elementor-element elementor-element-34b55a5\" data-id=\"34b55a5\" data-element_type=\"column\">\n\t\t\t<div class=\"elementor-widget-wrap elementor-element-populated\">\n\t\t\t\t\t\t<div class=\"elementor-element elementor-element-48ebd9f1 elementor-widget elementor-widget-text-editor\" data-id=\"48ebd9f1\" data-element_type=\"widget\" data-widget_type=\"text-editor.default\">\n\t\t\t\t<div class=\"elementor-widget-container\">\n\t\t\t\t\t\t\t\t\t\n<div id=\"wp-block-themeisle-blocks-advanced-columns-a164d8d3\" class=\"wp-block-themeisle-blocks-advanced-columns has-0-columns has-desktop-undefined-layout has-tablet-equal-layout has-mobile-equal-layout has-vertical-unset\"><div class=\"wp-block-themeisle-blocks-advanced-columns-overlay\"><\/div><div class=\"innerblocks-wrap\"><\/div><\/div>\n\t\t\t\t\t\t\t\t<\/div>\n\t\t\t\t<\/div>\n\t\t\t\t\t<\/div>\n\t\t<\/div>\n\t\t\t\t\t<\/div>\n\t\t<\/section>\n\t\t\t\t<section class=\"elementor-section elementor-top-section elementor-element elementor-element-318dee4 elementor-section-boxed elementor-section-height-default elementor-section-height-default\" data-id=\"318dee4\" data-element_type=\"section\">\n\t\t\t\t\t\t<div class=\"elementor-container elementor-column-gap-default\">\n\t\t\t\t\t<div class=\"elementor-column elementor-col-100 elementor-top-column elementor-element elementor-element-c6fb460\" data-id=\"c6fb460\" data-element_type=\"column\">\n\t\t\t<div class=\"elementor-widget-wrap elementor-element-populated\">\n\t\t\t\t\t\t<div class=\"elementor-element elementor-element-95a4c52 elementor-widget elementor-widget-image\" data-id=\"95a4c52\" data-element_type=\"widget\" data-widget_type=\"image.default\">\n\t\t\t\t<div class=\"elementor-widget-container\">\n\t\t\t\t\t\t\t\t\t\t\t\t\t\t\t<img fetchpriority=\"high\" decoding=\"async\" width=\"800\" height=\"293\" src=\"https:\/\/localizaya.com\/pagina\/wp-content\/uploads\/2022\/08\/GPS-moto-1024x375.png\" class=\"attachment-large size-large wp-image-371\" alt=\"\" srcset=\"https:\/\/localizaya.com\/pagina\/wp-content\/uploads\/2022\/08\/GPS-moto-1024x375.png 1024w, https:\/\/localizaya.com\/pagina\/wp-content\/uploads\/2022\/08\/GPS-moto-300x110.png 300w, https:\/\/localizaya.com\/pagina\/wp-content\/uploads\/2022\/08\/GPS-moto-768x281.png 768w, https:\/\/localizaya.com\/pagina\/wp-content\/uploads\/2022\/08\/GPS-moto-1536x563.png 1536w, https:\/\/localizaya.com\/pagina\/wp-content\/uploads\/2022\/08\/GPS-moto-2048x751.png 2048w\" sizes=\"(max-width: 800px) 100vw, 800px\" \/>\t\t\t\t\t\t\t\t\t\t\t\t\t\t\t<\/div>\n\t\t\t\t<\/div>\n\t\t\t\t\t<\/div>\n\t\t<\/div>\n\t\t\t\t\t<\/div>\n\t\t<\/section>\n\t\t\t\t<section class=\"elementor-section elementor-top-section elementor-element elementor-element-af4e513 elementor-section-boxed elementor-section-height-default elementor-section-height-default\" data-id=\"af4e513\" data-element_type=\"section\">\n\t\t\t\t\t\t<div class=\"elementor-container elementor-column-gap-default\">\n\t\t\t\t\t<div class=\"elementor-column elementor-col-50 elementor-top-column elementor-element elementor-element-bcf432b\" data-id=\"bcf432b\" data-element_type=\"column\">\n\t\t\t<div class=\"elementor-widget-wrap elementor-element-populated\">\n\t\t\t\t\t\t<div class=\"elementor-element elementor-element-9cf77a4 elementor-widget elementor-widget-image\" data-id=\"9cf77a4\" data-element_type=\"widget\" data-widget_type=\"image.default\">\n\t\t\t\t<div class=\"elementor-widget-container\">\n\t\t\t\t\t\t\t\t\t\t\t\t\t\t\t<img decoding=\"async\" width=\"637\" height=\"605\" src=\"https:\/\/localizaya.com\/pagina\/wp-content\/uploads\/2022\/08\/hurtomapa.png\" class=\"attachment-large size-large wp-image-372\" alt=\"\" srcset=\"https:\/\/localizaya.com\/pagina\/wp-content\/uploads\/2022\/08\/hurtomapa.png 637w, https:\/\/localizaya.com\/pagina\/wp-content\/uploads\/2022\/08\/hurtomapa-300x285.png 300w\" sizes=\"(max-width: 637px) 100vw, 637px\" \/>\t\t\t\t\t\t\t\t\t\t\t\t\t\t\t<\/div>\n\t\t\t\t<\/div>\n\t\t\t\t\t<\/div>\n\t\t<\/div>\n\t\t\t\t<div class=\"elementor-column elementor-col-50 elementor-top-column elementor-element elementor-element-a035915\" data-id=\"a035915\" data-element_type=\"column\">\n\t\t\t<div class=\"elementor-widget-wrap elementor-element-populated\">\n\t\t\t\t\t\t<div class=\"elementor-element elementor-element-faae002 elementor-widget elementor-widget-text-editor\" data-id=\"faae002\" data-element_type=\"widget\" data-widget_type=\"text-editor.default\">\n\t\t\t\t<div class=\"elementor-widget-container\">\n\t\t\t\t\t\t\t\t\t<p class=\"uk-article-lead\"><strong><span style=\"color: #009ddf;\">Ahora puedes tener control de tu motocicleta, en la palma de tu mano, \u00a1\u00a1con un solo Clic desde tu celular!!<\/span><br \/><\/strong>El\u00a0<strong>dispositivo GPS<\/strong>\u00a0para motocicletas es un dispositivo de ubicaci\u00f3n satelital GPS que incorpora tres (3) tecnolog\u00edas de avanzada\u00a0<strong>GPS, GPRS y GSM<\/strong>, para garantizar eficacia y precisi\u00f3n, el dispositivo GPS es un equipo compacto, discreto, seguro y confiable, cuenta con herramientas y accesorios de gran utilidad para\u00a0<strong>evitar el hurto de tu motocicleta<\/strong>.<br \/>Puedes contar con servicios como: Apagado remoto, alarma remota, sensor de movimiento, bot\u00f3n de p\u00e1nico, notificaci\u00f3n de movimientos no autorizados, comunicaci\u00f3n directa l\u00ednea de emergencias, aud\u00edfono esp\u00eda remoto.<\/p>\n<p><span style=\"color: #009ddf;\"><strong>Ventaja de adquirir este dispositivo:<\/strong><\/span><br \/>No necesitas generar contratos, ni cl\u00e1usulas de permanencia, sin cuotas mensuales, tu controlas el consumo, equipo en pre-pago, puedes recargar en cualquier tienda de recarga de celulares.<\/p>\t\t\t\t\t\t\t\t<\/div>\n\t\t\t\t<\/div>\n\t\t\t\t<div class=\"elementor-element elementor-element-e4f1355 elementor-widget elementor-widget-button\" data-id=\"e4f1355\" data-element_type=\"widget\" data-widget_type=\"button.default\">\n\t\t\t\t<div class=\"elementor-widget-container\">\n\t\t\t\t\t\t\t\t\t<div class=\"elementor-button-wrapper\">\n\t\t\t\t\t<a class=\"elementor-button elementor-button-link elementor-size-sm\" href=\"https:\/\/localizaya.com\/pagina\/wp-content\/uploads\/2022\/08\/preguntasfrecuentes_motos.html\" target=\"_blank\">\n\t\t\t\t\t\t<span class=\"elementor-button-content-wrapper\">\n\t\t\t\t\t\t\t\t\t<span class=\"elementor-button-text\">PREGUNTAS FRECUENTES<\/span>\n\t\t\t\t\t<\/span>\n\t\t\t\t\t<\/a>\n\t\t\t\t<\/div>\n\t\t\t\t\t\t\t\t<\/div>\n\t\t\t\t<\/div>\n\t\t\t\t\t<\/div>\n\t\t<\/div>\n\t\t\t\t\t<\/div>\n\t\t<\/section>\n\t\t\t\t<section class=\"elementor-section elementor-top-section elementor-element elementor-element-6af1564 elementor-section-boxed elementor-section-height-default elementor-section-height-default\" data-id=\"6af1564\" data-element_type=\"section\">\n\t\t\t\t\t\t<div class=\"elementor-container elementor-column-gap-default\">\n\t\t\t\t\t<div class=\"elementor-column elementor-col-100 elementor-top-column elementor-element elementor-element-d638766\" data-id=\"d638766\" data-element_type=\"column\">\n\t\t\t<div class=\"elementor-widget-wrap elementor-element-populated\">\n\t\t\t\t\t\t<div class=\"elementor-element elementor-element-83f3525 elementor-widget elementor-widget-image\" data-id=\"83f3525\" data-element_type=\"widget\" data-widget_type=\"image.default\">\n\t\t\t\t<div class=\"elementor-widget-container\">\n\t\t\t\t\t\t\t\t\t\t\t\t\t\t\t<img decoding=\"async\" width=\"800\" height=\"270\" src=\"https:\/\/localizaya.com\/pagina\/wp-content\/uploads\/2022\/08\/Untitled-1-1024x345.png\" class=\"attachment-large size-large wp-image-413\" alt=\"\" srcset=\"https:\/\/localizaya.com\/pagina\/wp-content\/uploads\/2022\/08\/Untitled-1-1024x345.png 1024w, https:\/\/localizaya.com\/pagina\/wp-content\/uploads\/2022\/08\/Untitled-1-300x101.png 300w, https:\/\/localizaya.com\/pagina\/wp-content\/uploads\/2022\/08\/Untitled-1-768x259.png 768w, https:\/\/localizaya.com\/pagina\/wp-content\/uploads\/2022\/08\/Untitled-1.png 1080w\" sizes=\"(max-width: 800px) 100vw, 800px\" \/>\t\t\t\t\t\t\t\t\t\t\t\t\t\t\t<\/div>\n\t\t\t\t<\/div>\n\t\t\t\t\t<\/div>\n\t\t<\/div>\n\t\t\t\t\t<\/div>\n\t\t<\/section>\n\t\t\t\t<section class=\"elementor-section elementor-top-section elementor-element elementor-element-2399eec elementor-section-boxed elementor-section-height-default elementor-section-height-default\" data-id=\"2399eec\" data-element_type=\"section\">\n\t\t\t\t\t\t<div class=\"elementor-container elementor-column-gap-default\">\n\t\t\t\t\t<div class=\"elementor-column elementor-col-100 elementor-top-column elementor-element elementor-element-fed15ad\" data-id=\"fed15ad\" data-element_type=\"column\">\n\t\t\t<div class=\"elementor-widget-wrap elementor-element-populated\">\n\t\t\t\t\t\t<div class=\"elementor-element elementor-element-1bc67e8 elementor-widget elementor-widget-spacer\" data-id=\"1bc67e8\" data-element_type=\"widget\" data-widget_type=\"spacer.default\">\n\t\t\t\t<div class=\"elementor-widget-container\">\n\t\t\t\t\t\t\t<div class=\"elementor-spacer\">\n\t\t\t<div class=\"elementor-spacer-inner\"><\/div>\n\t\t<\/div>\n\t\t\t\t\t\t<\/div>\n\t\t\t\t<\/div>\n\t\t\t\t<div class=\"elementor-element elementor-element-7ddadd1 elementor-widget elementor-widget-image\" data-id=\"7ddadd1\" data-element_type=\"widget\" data-widget_type=\"image.default\">\n\t\t\t\t<div class=\"elementor-widget-container\">\n\t\t\t\t\t\t\t\t\t\t\t\t\t\t\t<img loading=\"lazy\" decoding=\"async\" width=\"300\" height=\"47\" src=\"https:\/\/localizaya.com\/pagina\/wp-content\/uploads\/2022\/08\/antimartilleooo-300x47.png\" class=\"attachment-medium size-medium wp-image-426\" alt=\"\" srcset=\"https:\/\/localizaya.com\/pagina\/wp-content\/uploads\/2022\/08\/antimartilleooo-300x47.png 300w, https:\/\/localizaya.com\/pagina\/wp-content\/uploads\/2022\/08\/antimartilleooo-1024x162.png 1024w, https:\/\/localizaya.com\/pagina\/wp-content\/uploads\/2022\/08\/antimartilleooo-768x121.png 768w, https:\/\/localizaya.com\/pagina\/wp-content\/uploads\/2022\/08\/antimartilleooo-1536x243.png 1536w, https:\/\/localizaya.com\/pagina\/wp-content\/uploads\/2022\/08\/antimartilleooo.png 2000w\" sizes=\"(max-width: 300px) 100vw, 300px\" \/>\t\t\t\t\t\t\t\t\t\t\t\t\t\t\t<\/div>\n\t\t\t\t<\/div>\n\t\t\t\t\t<\/div>\n\t\t<\/div>\n\t\t\t\t\t<\/div>\n\t\t<\/section>\n\t\t\t\t<section class=\"elementor-section elementor-top-section elementor-element elementor-element-a6a765f elementor-section-boxed elementor-section-height-default elementor-section-height-default\" data-id=\"a6a765f\" data-element_type=\"section\">\n\t\t\t\t\t\t<div class=\"elementor-container elementor-column-gap-default\">\n\t\t\t\t\t<div class=\"elementor-column elementor-col-100 elementor-top-column elementor-element elementor-element-b5187ec\" data-id=\"b5187ec\" data-element_type=\"column\">\n\t\t\t<div class=\"elementor-widget-wrap elementor-element-populated\">\n\t\t\t\t\t\t<div class=\"elementor-element elementor-element-e143fd5 elementor-widget elementor-widget-text-editor\" data-id=\"e143fd5\" data-element_type=\"widget\" data-widget_type=\"text-editor.default\">\n\t\t\t\t<div class=\"elementor-widget-container\">\n\t\t\t\t\t\t\t\t\t<p>El\u00a0<strong>sensor Anti-martilleo Plus de Localizaya<\/strong>, es la mejor herramienta para prevenir el hurto en la modalidad \u201cHalado\u201d, este va a inhibir el acceso a que el delincuente pueda encender el veh\u00edculo, por lo general el ladr\u00f3n rompe el switch de encendido, bien sea con pesa o utilizando una llave maestra; si esto sucede nuestro bloquea-ya NO permitir\u00e1 prender el veh\u00edculo, hasta que el due\u00f1o obture un sensor que se encuentra oculto.<\/p>\t\t\t\t\t\t\t\t<\/div>\n\t\t\t\t<\/div>\n\t\t\t\t\t<\/div>\n\t\t<\/div>\n\t\t\t\t\t<\/div>\n\t\t<\/section>\n\t\t\t\t<section class=\"elementor-section elementor-top-section elementor-element elementor-element-d3a2c7a elementor-section-boxed elementor-section-height-default elementor-section-height-default\" data-id=\"d3a2c7a\" data-element_type=\"section\">\n\t\t\t\t\t\t<div class=\"elementor-container elementor-column-gap-default\">\n\t\t\t\t\t<div class=\"elementor-column elementor-col-100 elementor-top-column elementor-element elementor-element-1d37f8e\" data-id=\"1d37f8e\" data-element_type=\"column\">\n\t\t\t<div class=\"elementor-widget-wrap elementor-element-populated\">\n\t\t\t\t\t\t<div class=\"elementor-element elementor-element-cf931ba elementor-widget elementor-widget-spacer\" data-id=\"cf931ba\" data-element_type=\"widget\" data-widget_type=\"spacer.default\">\n\t\t\t\t<div class=\"elementor-widget-container\">\n\t\t\t\t\t\t\t<div class=\"elementor-spacer\">\n\t\t\t<div class=\"elementor-spacer-inner\"><\/div>\n\t\t<\/div>\n\t\t\t\t\t\t<\/div>\n\t\t\t\t<\/div>\n\t\t\t\t\t<\/div>\n\t\t<\/div>\n\t\t\t\t\t<\/div>\n\t\t<\/section>\n\t\t\t\t<section class=\"elementor-section elementor-top-section elementor-element elementor-element-15df988 elementor-section-boxed elementor-section-height-default elementor-section-height-default\" data-id=\"15df988\" data-element_type=\"section\">\n\t\t\t\t\t\t<div class=\"elementor-container elementor-column-gap-default\">\n\t\t\t\t\t<div class=\"elementor-column elementor-col-100 elementor-top-column elementor-element elementor-element-ec27afe\" data-id=\"ec27afe\" data-element_type=\"column\">\n\t\t\t<div class=\"elementor-widget-wrap elementor-element-populated\">\n\t\t\t\t\t\t<div class=\"elementor-element elementor-element-ce1cef9 elementor-widget elementor-widget-image\" data-id=\"ce1cef9\" data-element_type=\"widget\" data-widget_type=\"image.default\">\n\t\t\t\t<div class=\"elementor-widget-container\">\n\t\t\t\t\t\t\t\t\t\t\t\t\t\t\t<img loading=\"lazy\" decoding=\"async\" width=\"300\" height=\"45\" src=\"https:\/\/localizaya.com\/pagina\/wp-content\/uploads\/2022\/08\/proximidad-300x45.png\" class=\"attachment-medium size-medium wp-image-418\" alt=\"\" srcset=\"https:\/\/localizaya.com\/pagina\/wp-content\/uploads\/2022\/08\/proximidad-300x45.png 300w, https:\/\/localizaya.com\/pagina\/wp-content\/uploads\/2022\/08\/proximidad-1024x155.png 1024w, https:\/\/localizaya.com\/pagina\/wp-content\/uploads\/2022\/08\/proximidad-768x116.png 768w, https:\/\/localizaya.com\/pagina\/wp-content\/uploads\/2022\/08\/proximidad-1536x232.png 1536w, https:\/\/localizaya.com\/pagina\/wp-content\/uploads\/2022\/08\/proximidad.png 2000w\" sizes=\"(max-width: 300px) 100vw, 300px\" \/>\t\t\t\t\t\t\t\t\t\t\t\t\t\t\t<\/div>\n\t\t\t\t<\/div>\n\t\t\t\t\t<\/div>\n\t\t<\/div>\n\t\t\t\t\t<\/div>\n\t\t<\/section>\n\t\t\t\t<section class=\"elementor-section elementor-top-section elementor-element elementor-element-96223b3 elementor-section-boxed elementor-section-height-default elementor-section-height-default\" data-id=\"96223b3\" data-element_type=\"section\">\n\t\t\t\t\t\t<div class=\"elementor-container elementor-column-gap-default\">\n\t\t\t\t\t<div class=\"elementor-column elementor-col-100 elementor-top-column elementor-element elementor-element-e61f8c5\" data-id=\"e61f8c5\" data-element_type=\"column\">\n\t\t\t<div class=\"elementor-widget-wrap elementor-element-populated\">\n\t\t\t\t\t\t<div class=\"elementor-element elementor-element-0be3bb6 elementor-widget elementor-widget-spacer\" data-id=\"0be3bb6\" data-element_type=\"widget\" data-widget_type=\"spacer.default\">\n\t\t\t\t<div class=\"elementor-widget-container\">\n\t\t\t\t\t\t\t<div class=\"elementor-spacer\">\n\t\t\t<div class=\"elementor-spacer-inner\"><\/div>\n\t\t<\/div>\n\t\t\t\t\t\t<\/div>\n\t\t\t\t<\/div>\n\t\t\t\t<div class=\"elementor-element elementor-element-e241018 elementor-widget elementor-widget-text-editor\" data-id=\"e241018\" data-element_type=\"widget\" data-widget_type=\"text-editor.default\">\n\t\t\t\t<div class=\"elementor-widget-container\">\n\t\t\t\t\t\t\t\t\t<p><span id=\"alttext-container\"><span id=\"alttext-container\"><span id=\"alttext-container\"><strong>*<\/strong>\u00a0Incluye control Remoto\u00a0<br \/><\/span><\/span><\/span><span id=\"alttext-container\"><span id=\"alttext-container\"><strong>*<\/strong>\u00a0Si el veh\u00edculo se aleja del control remoto , se apaga el motor en 40 seg<br \/><\/span><strong>*<\/strong>\u00a0Ideal para evitar el hurto por modalidad \u201cAtraco\u201d<br \/><\/span><strong>*<\/strong>\u00a0No descarga la bater\u00eda<br \/><strong>*<\/strong>\u00a0Puede desbloquear de forma manual en caso de p\u00e9rdida del control<br \/><strong>*<\/strong>\u00a0Indicador led de funcionamiento<\/p>\t\t\t\t\t\t\t\t<\/div>\n\t\t\t\t<\/div>\n\t\t\t\t\t<\/div>\n\t\t<\/div>\n\t\t\t\t\t<\/div>\n\t\t<\/section>\n\t\t\t\t<section class=\"elementor-section elementor-top-section elementor-element elementor-element-9497e11 elementor-section-boxed elementor-section-height-default elementor-section-height-default\" data-id=\"9497e11\" data-element_type=\"section\">\n\t\t\t\t\t\t<div class=\"elementor-container elementor-column-gap-default\">\n\t\t\t\t\t<div class=\"elementor-column elementor-col-100 elementor-top-column elementor-element elementor-element-dce4d88\" data-id=\"dce4d88\" data-element_type=\"column\">\n\t\t\t<div class=\"elementor-widget-wrap elementor-element-populated\">\n\t\t\t\t\t\t<div class=\"elementor-element elementor-element-b827c58 elementor-widget elementor-widget-image\" data-id=\"b827c58\" data-element_type=\"widget\" data-widget_type=\"image.default\">\n\t\t\t\t<div class=\"elementor-widget-container\">\n\t\t\t\t\t\t\t\t\t\t\t\t\t\t\t<img loading=\"lazy\" decoding=\"async\" width=\"800\" height=\"187\" src=\"https:\/\/localizaya.com\/pagina\/wp-content\/uploads\/2022\/08\/pagos-1024x239.jpg\" class=\"attachment-large size-large wp-image-422\" alt=\"\" srcset=\"https:\/\/localizaya.com\/pagina\/wp-content\/uploads\/2022\/08\/pagos-1024x239.jpg 1024w, https:\/\/localizaya.com\/pagina\/wp-content\/uploads\/2022\/08\/pagos-300x70.jpg 300w, https:\/\/localizaya.com\/pagina\/wp-content\/uploads\/2022\/08\/pagos-768x179.jpg 768w, https:\/\/localizaya.com\/pagina\/wp-content\/uploads\/2022\/08\/pagos-1536x358.jpg 1536w, https:\/\/localizaya.com\/pagina\/wp-content\/uploads\/2022\/08\/pagos.jpg 1560w\" sizes=\"(max-width: 800px) 100vw, 800px\" \/>\t\t\t\t\t\t\t\t\t\t\t\t\t\t\t<\/div>\n\t\t\t\t<\/div>\n\t\t\t\t\t<\/div>\n\t\t<\/div>\n\t\t\t\t\t<\/div>\n\t\t<\/section>\n\t\t\t\t<section class=\"elementor-section elementor-top-section elementor-element elementor-element-3f0101d elementor-section-boxed elementor-section-height-default elementor-section-height-default\" data-id=\"3f0101d\" data-element_type=\"section\">\n\t\t\t\t\t\t<div class=\"elementor-container elementor-column-gap-default\">\n\t\t\t\t\t<div class=\"elementor-column elementor-col-100 elementor-top-column elementor-element elementor-element-0e4df48\" data-id=\"0e4df48\" data-element_type=\"column\">\n\t\t\t<div class=\"elementor-widget-wrap elementor-element-populated\">\n\t\t\t\t\t\t<div class=\"elementor-element elementor-element-a2bb113 elementor-widget elementor-widget-text-editor\" data-id=\"a2bb113\" data-element_type=\"widget\" data-widget_type=\"text-editor.default\">\n\t\t\t\t<div class=\"elementor-widget-container\">\n\t\t\t\t\t\t\t\t\t<p style=\"text-align: center;\"><strong>Una marca\u00a0<\/strong><\/p>\n<p><img loading=\"lazy\" decoding=\"async\" class=\"size-full wp-image-430 aligncenter\" src=\"https:\/\/localizaya.com\/pagina\/wp-content\/uploads\/2022\/08\/logonuevofinalweb2.png\" alt=\"\" width=\"226\" height=\"64\" \/><\/p>\t\t\t\t\t\t\t\t<\/div>\n\t\t\t\t<\/div>\n\t\t\t\t\t<\/div>\n\t\t<\/div>\n\t\t\t\t\t<\/div>\n\t\t<\/section>\n\t\t\t\t<\/div>\n\t\t","protected":false},"excerpt":{"rendered":"<p>Ahora puedes tener control de tu motocicleta, en la palma de tu mano, \u00a1\u00a1con un solo Clic desde tu celular!!El\u00a0dispositivo GPS\u00a0para motocicletas es un dispositivo de ubicaci\u00f3n satelital GPS que incorpora tres (3) tecnolog\u00edas de avanzada\u00a0GPS, GPRS y GSM, para garantizar eficacia y precisi\u00f3n, el dispositivo GPS es un equipo compacto, discreto, seguro y confiable, [&hellip;]<\/p>\n","protected":false},"author":1,"featured_media":0,"parent":0,"menu_order":0,"comment_status":"closed","ping_status":"closed","template":"elementor_header_footer","meta":{"footnotes":""},"class_list":["post-368","page","type-page","status-publish","hentry"],"_links":{"self":[{"href":"https:\/\/localizaya.com\/pagina\/wp-json\/wp\/v2\/pages\/368","targetHints":{"allow":["GET"]}}],"collection":[{"href":"https:\/\/localizaya.com\/pagina\/wp-json\/wp\/v2\/pages"}],"about":[{"href":"https:\/\/localizaya.com\/pagina\/wp-json\/wp\/v2\/types\/page"}],"author":[{"embeddable":true,"href":"https:\/\/localizaya.com\/pagina\/wp-json\/wp\/v2\/users\/1"}],"replies":[{"embeddable":true,"href":"https:\/\/localizaya.com\/pagina\/wp-json\/wp\/v2\/comments?post=368"}],"version-history":[{"count":38,"href":"https:\/\/localizaya.com\/pagina\/wp-json\/wp\/v2\/pages\/368\/revisions"}],"predecessor-version":[{"id":433,"href":"https:\/\/localizaya.com\/pagina\/wp-json\/wp\/v2\/pages\/368\/revisions\/433"}],"wp:attachment":[{"href":"https:\/\/localizaya.com\/pagina\/wp-json\/wp\/v2\/media?parent=368"}],"curies":[{"name":"wp","href":"https:\/\/api.w.org\/{rel}","templated":true}]}}